{"id":2916,"date":"2025-12-11T15:59:37","date_gmt":"2025-12-11T14:59:37","guid":{"rendered":"https:\/\/lost-voices-stiftung.org\/?page_id=2916"},"modified":"2025-12-11T15:59:37","modified_gmt":"2025-12-11T14:59:37","slug":"music-for-me-startet-in-sueddeutschland-mit-fulminantem-konzert-eine-spendensumme-von-34000-eur-konnte-durch-das-konzert-mit-den-jazzbirds-generiert-werden","status":"publish","type":"page","link":"https:\/\/lost-voices-stiftung.org\/en\/music-for-me-startet-in-sueddeutschland-mit-fulminantem-konzert-eine-spendensumme-von-34000-eur-konnte-durch-das-konzert-mit-den-jazzbirds-generiert-werden\/","title":{"rendered":"Music for ME startet in S\u00fcddeutschland mit fulminantem Konzert! Eine Spendensumme von 340,00 EUR konnte durch das Konzert mit den Jazzbirds generiert werden!"},"content":{"rendered":"<p>[et_pb_section fb_built=&#8220;1&#8243; _builder_version=&#8220;4.27.4&#8243; _module_preset=&#8220;default&#8220; background_image=&#8220;https:\/\/lost-voices-stiftung.org\/wp-content\/uploads\/2025\/11\/Bildschirmfoto-2025-11-01-um-16.49.46.png&#8220; min_height=&#8220;370px&#8220; global_colors_info=&#8220;{}&#8220;][\/et_pb_section][et_pb_section fb_built=&#8220;1&#8243; _builder_version=&#8220;4.27.4&#8243; _module_preset=&#8220;default&#8220; global_colors_info=&#8220;{}&#8220;][et_pb_row _builder_version=&#8220;4.27.4&#8243; _module_preset=&#8220;default&#8220; global_colors_info=&#8220;{}&#8220;][et_pb_column type=&#8220;4_4&#8243; _builder_version=&#8220;4.27.4&#8243; _module_preset=&#8220;default&#8220; global_colors_info=&#8220;{}&#8220;][et_pb_heading title=&#8220;Music for ME startet in S\u00fcddeutschland mit fulminantem Konzert! Eine Spendensumme von 340,00 EUR konnte durch das Konzert mit den Jazzbirds generiert werden!&#8220; _builder_version=&#8220;4.27.4&#8243; _module_preset=&#8220;default&#8220; global_colors_info=&#8220;{}&#8220;][\/et_pb_heading][\/et_pb_column][\/et_pb_row][et_pb_row column_structure=&#8220;1_3,1_3,1_3&#8243; _builder_version=&#8220;4.27.4&#8243; _module_preset=&#8220;default&#8220; global_colors_info=&#8220;{}&#8220;][et_pb_column type=&#8220;1_3&#8243; _builder_version=&#8220;4.27.4&#8243; _module_preset=&#8220;default&#8220; global_colors_info=&#8220;{}&#8220;][et_pb_image src=&#8220;https:\/\/lost-voices-stiftung.org\/wp-content\/uploads\/2025\/12\/Bildschirmfoto-2025-12-08-um-18.25.22.png&#8220; title_text=&#8220;Bildschirmfoto 2025-12-08 um 18.25.22&#8243; _builder_version=&#8220;4.27.4&#8243; _module_preset=&#8220;default&#8220; height=&#8220;234px&#8220; hover_enabled=&#8220;0&#8243; global_colors_info=&#8220;{}&#8220; sticky_enabled=&#8220;0&#8243;][\/et_pb_image][\/et_pb_column][et_pb_column type=&#8220;1_3&#8243; _builder_version=&#8220;4.27.4&#8243; _module_preset=&#8220;default&#8220; global_colors_info=&#8220;{}&#8220;][et_pb_image src=&#8220;https:\/\/lost-voices-stiftung.org\/wp-content\/uploads\/2025\/12\/Bildschirmfoto-2025-12-08-um-18.25.30.png&#8220; title_text=&#8220;Bildschirmfoto 2025-12-08 um 18.25.30&#8243; align=&#8220;center&#8220; _builder_version=&#8220;4.27.4&#8243; _module_preset=&#8220;default&#8220; height=&#8220;234px&#8220; global_colors_info=&#8220;{}&#8220;][\/et_pb_image][\/et_pb_column][et_pb_column type=&#8220;1_3&#8243; _builder_version=&#8220;4.27.4&#8243; _module_preset=&#8220;default&#8220; global_colors_info=&#8220;{}&#8220;][et_pb_image src=&#8220;https:\/\/lost-voices-stiftung.org\/wp-content\/uploads\/2025\/12\/Bildschirmfoto-2025-12-08-um-18.25.26.png&#8220; title_text=&#8220;Bildschirmfoto 2025-12-08 um 18.25.26&#8243; _builder_version=&#8220;4.27.4&#8243; _module_preset=&#8220;default&#8220; height=&#8220;234px&#8220; global_colors_info=&#8220;{}&#8220;][\/et_pb_image][\/et_pb_column][\/et_pb_row][et_pb_row _builder_version=&#8220;4.27.4&#8243; _module_preset=&#8220;default&#8220;][et_pb_column _builder_version=&#8220;4.27.4&#8243; _module_preset=&#8220;default&#8220; type=&#8220;4_4&#8243;][et_pb_text _builder_version=&#8220;4.27.4&#8243; _module_preset=&#8220;default&#8220; hover_enabled=&#8220;0&#8243; sticky_enabled=&#8220;0&#8243;]<\/p>\n<p><span><strong>Foto links:<\/strong> Jazzbirds<strong> Foto Mitte: <\/strong>Susanne Weirich &amp; Sabine Arndt-Hennig am Infostand \u00a0 <strong>Foto rechts<\/strong>: Susanne Weirich spricht vertretend f\u00fcr die Lost Voices Stiftung<\/span><\/p>\n<p>[\/et_pb_text][\/et_pb_column][\/et_pb_row][et_pb_row _builder_version=&#8220;4.27.4&#8243; _module_preset=&#8220;default&#8220; global_colors_info=&#8220;{}&#8220;][et_pb_column type=&#8220;4_4&#8243; _builder_version=&#8220;4.27.4&#8243; _module_preset=&#8220;default&#8220; global_colors_info=&#8220;{}&#8220;][et_pb_text _builder_version=&#8220;4.27.4&#8243; _module_preset=&#8220;default&#8220; text_text_color=&#8220;#273582&#8243; global_colors_info=&#8220;{}&#8220;]<\/p>\n<p style=\"font-weight: 400;\">Nach den einf\u00fchrenden Worten von Bandleader Stefan F. Huber zur \u00fcber 20-j\u00e4hrigen Bandgeschichte der Jazzbirds , sowie der Rede von Susanne Weirich, vertretend f\u00fcr die Lost-Voices-Stiftung, kamen die Rund 80 Besucher in den Genuss eines stilistisch vielseitigen Jazzkonzertes.<\/p>\n<p style=\"font-weight: 400;\">Die Verbundenheit der Musiker und die Energie ihrer Musik \u00fcbertrug sich auf die Zuh\u00f6rer und so entfaltete sich eine wundervolle Stimmung im Saal des M\u00fcnchener Interims. In der Pause und nach Konzertende war der Stand der Lost-Voices-Stiftung gut frequentiert und die beiden Helferinnen hatten alle H\u00e4nde voll zu tun, den interessierten Menschen n\u00e4heres \u00fcber ME\/CFS zu erkl\u00e4ren und Spendenquittungen zu verteilen.<\/p>\n<p style=\"font-weight: 400;\">Durch diesen Abend kamen 340,00 EUR an Spenden und den Verkaufserl\u00f6s der CDs zusammen. Die Jazzbirds wollten es sich n\u00e4mlich nicht nehmen lassen, die Lost Voices Stiftung au\u00dfer mit ihrer Musik auch mit einem anteiligen Betrag der CD-Verk\u00e4ufe unterst\u00fctzen zu wollen.<\/p>\n<p style=\"font-weight: 400;\">Der Spendenerl\u00f6s soll der ME\/CFS-Ambulanz der Kinderklinik M\u00fcnchen unter der Leitung von Frau Prof. Behrends zugute kommen.<\/p>\n<p style=\"font-weight: 400;\">Es ist zu hoffen, dass dieses erste Konzert des Benefizprojekts Music For ME in S\u00fcddeutschland der Auftakt zu vielen weiteren tollen und informativen Konzertveranstaltungen darstellt. Die Musiker der Jazzbirds sind jedenfalls allesamt mit gro\u00dfer Freude wieder mit dabei!<\/p>\n<p>[\/et_pb_text][\/et_pb_column][\/et_pb_row][\/et_pb_section]<\/p>\n","protected":false},"excerpt":{"rendered":"<p>Foto links: Jazzbirds Foto Mitte: Susanne Weirich &amp; Sabine Arndt-Hennig am Infostand \u00a0 Foto rechts: Susanne Weirich spricht vertretend f\u00fcr die Lost Voices StiftungNach den einf\u00fchrenden Worten von Bandleader Stefan F. Huber zur \u00fcber 20-j\u00e4hrigen Bandgeschichte der Jazzbirds , sowie der Rede von Susanne Weirich, vertretend f\u00fcr die Lost-Voices-Stiftung, kamen die Rund 80 Besucher in [&hellip;]<\/p>\n","protected":false},"author":1,"featured_media":0,"parent":0,"menu_order":0,"comment_status":"closed","ping_status":"closed","template":"","meta":{"_et_pb_use_builder":"on","_et_pb_old_content":"","_et_gb_content_width":"","ngg_post_thumbnail":0,"footnotes":""},"class_list":["post-2916","page","type-page","status-publish","hentry"],"_links":{"self":[{"href":"https:\/\/lost-voices-stiftung.org\/en\/wp-json\/wp\/v2\/pages\/2916","targetHints":{"allow":["GET"]}}],"collection":[{"href":"https:\/\/lost-voices-stiftung.org\/en\/wp-json\/wp\/v2\/pages"}],"about":[{"href":"https:\/\/lost-voices-stiftung.org\/en\/wp-json\/wp\/v2\/types\/page"}],"author":[{"embeddable":true,"href":"https:\/\/lost-voices-stiftung.org\/en\/wp-json\/wp\/v2\/users\/1"}],"replies":[{"embeddable":true,"href":"https:\/\/lost-voices-stiftung.org\/en\/wp-json\/wp\/v2\/comments?post=2916"}],"version-history":[{"count":3,"href":"https:\/\/lost-voices-stiftung.org\/en\/wp-json\/wp\/v2\/pages\/2916\/revisions"}],"predecessor-version":[{"id":2995,"href":"https:\/\/lost-voices-stiftung.org\/en\/wp-json\/wp\/v2\/pages\/2916\/revisions\/2995"}],"wp:attachment":[{"href":"https:\/\/lost-voices-stiftung.org\/en\/wp-json\/wp\/v2\/media?parent=2916"}],"curies":[{"name":"wp","href":"https:\/\/api.w.org\/{rel}","templated":true}]}}