{"id":2920,"date":"2025-12-11T15:58:45","date_gmt":"2025-12-11T14:58:45","guid":{"rendered":"https:\/\/lost-voices-stiftung.org\/?page_id=2920"},"modified":"2025-12-11T15:58:45","modified_gmt":"2025-12-11T14:58:45","slug":"junge-kantorei-st-martin-gottesdienst-mit-spendenaufruf-fuer-die-lost-voices-stiftung-erzielt-1-000-eur","status":"publish","type":"page","link":"https:\/\/lost-voices-stiftung.org\/en\/junge-kantorei-st-martin-gottesdienst-mit-spendenaufruf-fuer-die-lost-voices-stiftung-erzielt-1-000-eur\/","title":{"rendered":"Junge Kantorei St. Martin: Gottesdienst mit Spendenaufruf f\u00fcr die Lost Voices Stiftung erzielt 1.000 EUR"},"content":{"rendered":"<p>[et_pb_section fb_built=&#8220;1&#8243; theme_builder_area=&#8220;post_content&#8220; _builder_version=&#8220;4.27.4&#8243; _module_preset=&#8220;default&#8220; title_text=&#8220;Bildschirmfoto 2025-11-01 um 16.49.46&#8243; background_image=&#8220;https:\/\/lost-voices-stiftung.org\/wp-content\/uploads\/2025\/11\/Bildschirmfoto-2025-11-01-um-16.49.46.png&#8220; height=&#8220;370px&#8220; hover_enabled=&#8220;0&#8243; sticky_enabled=&#8220;0&#8243;][\/et_pb_section][et_pb_section fb_built=&#8220;1&#8243; theme_builder_area=&#8220;post_content&#8220; _builder_version=&#8220;4.27.4&#8243; _module_preset=&#8220;default&#8220;][et_pb_row _builder_version=&#8220;4.27.4&#8243; _module_preset=&#8220;default&#8220; theme_builder_area=&#8220;post_content&#8220;][et_pb_column _builder_version=&#8220;4.27.4&#8243; _module_preset=&#8220;default&#8220; type=&#8220;4_4&#8243; theme_builder_area=&#8220;post_content&#8220;][et_pb_heading title=&#8220;Junge Kantorei St. Martin: Gottesdienst mit Spendenaufruf f\u00fcr die Lost Voices Stiftung erzielt 1.000 EUR&#8220; _builder_version=&#8220;4.27.4&#8243; _module_preset=&#8220;default&#8220; theme_builder_area=&#8220;post_content&#8220; hover_enabled=&#8220;0&#8243; sticky_enabled=&#8220;0&#8243;][\/et_pb_heading][\/et_pb_column][\/et_pb_row][et_pb_row _builder_version=&#8220;4.27.4&#8243; _module_preset=&#8220;default&#8220; theme_builder_area=&#8220;post_content&#8220;][et_pb_column _builder_version=&#8220;4.27.4&#8243; _module_preset=&#8220;default&#8220; type=&#8220;4_4&#8243; theme_builder_area=&#8220;post_content&#8220;][et_pb_image src=&#8220;https:\/\/lost-voices-stiftung.org\/wp-content\/uploads\/2025\/12\/Bildschirmfoto-2025-12-08-um-18.36.21.png&#8220; _builder_version=&#8220;4.27.4&#8243; _module_preset=&#8220;default&#8220; theme_builder_area=&#8220;post_content&#8220; title_text=&#8220;Bildschirmfoto 2025-12-08 um 18.36.21&#8243; height=&#8220;467px&#8220; align=&#8220;center&#8220; hover_enabled=&#8220;0&#8243; sticky_enabled=&#8220;0&#8243;][\/et_pb_image][et_pb_text _builder_version=&#8220;4.27.4&#8243; _module_preset=&#8220;default&#8220; theme_builder_area=&#8220;post_content&#8220; text_text_color=&#8220;#273582&#8243; hover_enabled=&#8220;0&#8243; sticky_enabled=&#8220;0&#8243;]<\/p>\n<p style=\"font-weight: 400;\">\u00dcbergl\u00fccklich sind die Verantwortlichen der Jungen Kantorei St. Martin nicht nur \u00fcber die gelungene Gottesdienstgestaltung, sondern auch \u00fcber die unglaublich gro\u00dfz\u00fcgigen Spenden bei der T\u00fcr-Kollekte, die der Lost Voices Stiftung zukommen wird.<\/p>\n<p style=\"font-weight: 400;\">Zusammen mit Manfred \u00d6chsner an Orgel und Piano, Michael Villmow mit Saxophon und Wolfgang Hormuth mit Gitarre, gestaltete der Jugendchor der Jungen Kantorei St. Martin den Gottesdienst in der Pfarrkirche Maikammer am vergangenen Sonntag musikalisch. Ute Hormuth, die Leiterin der Jungen Kantorei hatte dazu ein abwechslungsreiches, liturgisch passendes Liedgut ausgew\u00e4hlt. Zur Gabenbereitung trugen die Akteure das Mottolied der Lost Voices Stiftung \u201eLost Voices Calling\u201c vor und gaben den Bitten der Stiftung musikalischen Ausdruck!<\/p>\n<p style=\"font-weight: 400;\">\n<p style=\"font-weight: 400;\">Pfarrer Babelotzky leitete den Gottesdienst und schloss das Anliegen der Jugendlichen in seine Predigt und Gebete ebenso ein wie in den F\u00fcrbitten. Eine Plakat-Ausstellung machte auf das Anliegen der Lost Voices Stiftung aufmerksam.<\/p>\n<p style=\"font-weight: 400;\">\n<p style=\"font-weight: 400;\">Bei der T\u00fcr-Kollekte wurden knapp 1.000 \u20ac von den zahlreichen Gottesdienstbesuchern gespendet, so dass die Junge Kantorei diesen Betrag an die Stiftung weiterleiten kann. \u201eWir sind \u00fcbergl\u00fccklich, dass so viel Geld gespendet wurde\u201c, freut sich Ute Hormuth. \u201eWir w\u00fcnschen sehr, dass mit dem Geld das Leid vieler Betroffener gelindert werden kann und Hilfe f\u00fcr ME-Erkrankte in der Zukunft \u2013 gerade durch die Arbeit der Lost Voices Stiftung \u2013 besser m\u00f6glich wird.\u201c<\/p>\n<p style=\"font-weight: 400;\">\n<p style=\"font-weight: 400;\">Die Lost Voices Stiftung bedankt sich bei allen Organisatoren &amp; Beteiligten f\u00fcr das Erm\u00f6glichen dieses besonderen Abends und die beeindruckende Spendensumme, die dabei gesammelt wurde! Wir m\u00f6chten uns auch bei unserem Stiftungsbotschafter, Markus Eichenlaub, bedanken, der das Konzert mit ins Leben gerufen hat.<\/p>\n<p>[\/et_pb_text][\/et_pb_column][\/et_pb_row][\/et_pb_section]<\/p>\n","protected":false},"excerpt":{"rendered":"<p>\u00dcbergl\u00fccklich sind die Verantwortlichen der Jungen Kantorei St. Martin nicht nur \u00fcber die gelungene Gottesdienstgestaltung, sondern auch \u00fcber die unglaublich gro\u00dfz\u00fcgigen Spenden bei der T\u00fcr-Kollekte, die der Lost Voices Stiftung zukommen wird. Zusammen mit Manfred \u00d6chsner an Orgel und Piano, Michael Villmow mit Saxophon und Wolfgang Hormuth mit Gitarre, gestaltete der Jugendchor der Jungen Kantorei [&hellip;]<\/p>\n","protected":false},"author":1,"featured_media":0,"parent":0,"menu_order":0,"comment_status":"closed","ping_status":"closed","template":"","meta":{"_et_pb_use_builder":"on","_et_pb_old_content":"","_et_gb_content_width":"","ngg_post_thumbnail":0,"footnotes":""},"class_list":["post-2920","page","type-page","status-publish","hentry"],"_links":{"self":[{"href":"https:\/\/lost-voices-stiftung.org\/en\/wp-json\/wp\/v2\/pages\/2920","targetHints":{"allow":["GET"]}}],"collection":[{"href":"https:\/\/lost-voices-stiftung.org\/en\/wp-json\/wp\/v2\/pages"}],"about":[{"href":"https:\/\/lost-voices-stiftung.org\/en\/wp-json\/wp\/v2\/types\/page"}],"author":[{"embeddable":true,"href":"https:\/\/lost-voices-stiftung.org\/en\/wp-json\/wp\/v2\/users\/1"}],"replies":[{"embeddable":true,"href":"https:\/\/lost-voices-stiftung.org\/en\/wp-json\/wp\/v2\/comments?post=2920"}],"version-history":[{"count":2,"href":"https:\/\/lost-voices-stiftung.org\/en\/wp-json\/wp\/v2\/pages\/2920\/revisions"}],"predecessor-version":[{"id":2923,"href":"https:\/\/lost-voices-stiftung.org\/en\/wp-json\/wp\/v2\/pages\/2920\/revisions\/2923"}],"wp:attachment":[{"href":"https:\/\/lost-voices-stiftung.org\/en\/wp-json\/wp\/v2\/media?parent=2920"}],"curies":[{"name":"wp","href":"https:\/\/api.w.org\/{rel}","templated":true}]}}