{"id":2924,"date":"2025-12-11T15:59:22","date_gmt":"2025-12-11T14:59:22","guid":{"rendered":"https:\/\/lost-voices-stiftung.org\/?page_id=2924"},"modified":"2025-12-11T15:59:22","modified_gmt":"2025-12-11T14:59:22","slug":"mbr-bigband-begeisterte-am-6-april-2019-in-mainz-hechtsheim-und-erzielte-eine-spendensumme-von-1750-euro","status":"publish","type":"page","link":"https:\/\/lost-voices-stiftung.org\/en\/mbr-bigband-begeisterte-am-6-april-2019-in-mainz-hechtsheim-und-erzielte-eine-spendensumme-von-1750-euro\/","title":{"rendered":"MBR-Bigband begeisterte am 6. April 2019 in Mainz-Hechtsheim und erzielte eine Spendensumme von 1750.- Euro"},"content":{"rendered":"<p>[et_pb_section fb_built=&#8220;1&#8243; theme_builder_area=&#8220;post_content&#8220; _builder_version=&#8220;4.27.4&#8243; _module_preset=&#8220;default&#8220; title_text=&#8220;Bildschirmfoto 2025-11-01 um 16.49.46&#8243; background_image=&#8220;https:\/\/lost-voices-stiftung.org\/wp-content\/uploads\/2025\/11\/Bildschirmfoto-2025-11-01-um-16.49.46.png&#8220; height=&#8220;370px&#8220; hover_enabled=&#8220;0&#8243; sticky_enabled=&#8220;0&#8243;][\/et_pb_section][et_pb_section fb_built=&#8220;1&#8243; theme_builder_area=&#8220;post_content&#8220; _builder_version=&#8220;4.27.4&#8243; _module_preset=&#8220;default&#8220;][et_pb_row _builder_version=&#8220;4.27.4&#8243; _module_preset=&#8220;default&#8220; theme_builder_area=&#8220;post_content&#8220;][et_pb_column _builder_version=&#8220;4.27.4&#8243; _module_preset=&#8220;default&#8220; type=&#8220;4_4&#8243; theme_builder_area=&#8220;post_content&#8220;][et_pb_heading title=&#8220;MBR-Bigband begeisterte am 6. April 2019 in Mainz-Hechtsheim und erzielte eine Spendensumme von 1750.- Euro&#8220; _builder_version=&#8220;4.27.4&#8243; _module_preset=&#8220;default&#8220; theme_builder_area=&#8220;post_content&#8220; hover_enabled=&#8220;0&#8243; sticky_enabled=&#8220;0&#8243;][\/et_pb_heading][\/et_pb_column][\/et_pb_row][et_pb_row _builder_version=&#8220;4.27.4&#8243; _module_preset=&#8220;default&#8220; theme_builder_area=&#8220;post_content&#8220; column_structure=&#8220;1_3,1_3,1_3&#8243;][et_pb_column _builder_version=&#8220;4.27.4&#8243; _module_preset=&#8220;default&#8220; type=&#8220;1_3&#8243; theme_builder_area=&#8220;post_content&#8220;][et_pb_image src=&#8220;https:\/\/lost-voices-stiftung.org\/wp-content\/uploads\/2025\/12\/Bildschirmfoto-2025-12-08-um-19.07.58.png&#8220; _builder_version=&#8220;4.27.4&#8243; _module_preset=&#8220;default&#8220; theme_builder_area=&#8220;post_content&#8220; title_text=&#8220;Bildschirmfoto 2025-12-08 um 19.07.58&#8243; hover_enabled=&#8220;0&#8243; sticky_enabled=&#8220;0&#8243; height=&#8220;241px&#8220;][\/et_pb_image][\/et_pb_column][et_pb_column _builder_version=&#8220;4.27.4&#8243; _module_preset=&#8220;default&#8220; type=&#8220;1_3&#8243; theme_builder_area=&#8220;post_content&#8220;][et_pb_image src=&#8220;https:\/\/lost-voices-stiftung.org\/wp-content\/uploads\/2025\/12\/Bildschirmfoto-2025-12-08-um-19.07.23.png&#8220; _builder_version=&#8220;4.27.4&#8243; _module_preset=&#8220;default&#8220; theme_builder_area=&#8220;post_content&#8220; title_text=&#8220;Bildschirmfoto 2025-12-08 um 19.07.23&#8243; height=&#8220;240px&#8220; hover_enabled=&#8220;0&#8243; sticky_enabled=&#8220;0&#8243;][\/et_pb_image][\/et_pb_column][et_pb_column _builder_version=&#8220;4.27.4&#8243; _module_preset=&#8220;default&#8220; type=&#8220;1_3&#8243; theme_builder_area=&#8220;post_content&#8220;][et_pb_image src=&#8220;https:\/\/lost-voices-stiftung.org\/wp-content\/uploads\/2025\/12\/Bildschirmfoto-2025-12-08-um-19.07.18.png&#8220; _builder_version=&#8220;4.27.4&#8243; _module_preset=&#8220;default&#8220; theme_builder_area=&#8220;post_content&#8220; title_text=&#8220;Bildschirmfoto 2025-12-08 um 19.07.18&#8243; height=&#8220;240px&#8220; hover_enabled=&#8220;0&#8243; sticky_enabled=&#8220;0&#8243;][\/et_pb_image][\/et_pb_column][\/et_pb_row][et_pb_row _builder_version=&#8220;4.27.4&#8243; _module_preset=&#8220;default&#8220; theme_builder_area=&#8220;post_content&#8220;][et_pb_column _builder_version=&#8220;4.27.4&#8243; _module_preset=&#8220;default&#8220; type=&#8220;4_4&#8243; theme_builder_area=&#8220;post_content&#8220;][et_pb_text _builder_version=&#8220;4.27.4&#8243; _module_preset=&#8220;default&#8220; theme_builder_area=&#8220;post_content&#8220; hover_enabled=&#8220;0&#8243; sticky_enabled=&#8220;0&#8243; text_text_color=&#8220;#273582&#8243;]<\/p>\n<p><span>Am 6. April 2019 konnten die Besucher der Radsporthalle in Mainz-Hechtsheim eine Reise durch verschiedene Stile der Bigband-Musik erleben. Die von Stefan Scriba geleitete MBR-Bigband mit ihrem S\u00e4nger Dirk Kubitschek brachte neben Klassikern von Frank Sinatra, Swing-Adaptionen von Paul Anka und modernen Interpretationen von Michael Bubl\u00e9 und Lionel Richie vor allem Kompositionen von Chick Corea und Bob Mintzer zu Geh\u00f6r. Besondere Akzente setzte Kubitscheks Tochter Selma mit ihrem Gesang in St\u00fccken von Amy Winehouse und Duffy im Bigband-Arrangement.<br \/><\/span><\/p>\n<p>&nbsp;<\/p>\n<p><span>Das von der MBR-Bigband veranstaltete und vom Radfahrerverein 1910 e.V. Hechtsheim unterst\u00fctzte Benefizkonzert erbrachte Spenden in H\u00f6he von 1750.- Euro f\u00fcr die Lost-Voices-Stiftung. Diese setzt sich f\u00fcr Menschen ein, die an Myalgischer Enzephalomyelitis \/Chronic Fatigue Syndrom (ME\/CFS) erkrankt sind. Die Spenden tragen zur Finanzierung eines Stipendiatenprogramms an der Berliner Charit\u00e9 bei, in dessen Rahmen Ursachen und Behandlungsm\u00f6glichkeiten dieser schweren neuroimmunologischen Krankheit, die die Betroffenen h\u00e4ufig \u00fcber Jahre an Bett und Wohnung fesselt, erforscht werden.<\/span><\/p>\n<p>&nbsp;<\/p>\n<p><span>Die Schirmherrschaft f\u00fcr die Veranstaltung wurde von Frau Ursula\u00a0 Groden-Kranich,<\/span> <span>der Bundestagsabgeordneten des Wahlkreises Mainz, \u00fcbernommen.<\/span><\/p>\n<p>[\/et_pb_text][\/et_pb_column][\/et_pb_row][\/et_pb_section]<\/p>\n","protected":false},"excerpt":{"rendered":"<p>Am 6. April 2019 konnten die Besucher der Radsporthalle in Mainz-Hechtsheim eine Reise durch verschiedene Stile der Bigband-Musik erleben. Die von Stefan Scriba geleitete MBR-Bigband mit ihrem S\u00e4nger Dirk Kubitschek brachte neben Klassikern von Frank Sinatra, Swing-Adaptionen von Paul Anka und modernen Interpretationen von Michael Bubl\u00e9 und Lionel Richie vor allem Kompositionen von Chick Corea [&hellip;]<\/p>\n","protected":false},"author":1,"featured_media":0,"parent":0,"menu_order":0,"comment_status":"closed","ping_status":"closed","template":"","meta":{"_et_pb_use_builder":"on","_et_pb_old_content":"","_et_gb_content_width":"","ngg_post_thumbnail":0,"footnotes":""},"class_list":["post-2924","page","type-page","status-publish","hentry"],"_links":{"self":[{"href":"https:\/\/lost-voices-stiftung.org\/en\/wp-json\/wp\/v2\/pages\/2924","targetHints":{"allow":["GET"]}}],"collection":[{"href":"https:\/\/lost-voices-stiftung.org\/en\/wp-json\/wp\/v2\/pages"}],"about":[{"href":"https:\/\/lost-voices-stiftung.org\/en\/wp-json\/wp\/v2\/types\/page"}],"author":[{"embeddable":true,"href":"https:\/\/lost-voices-stiftung.org\/en\/wp-json\/wp\/v2\/users\/1"}],"replies":[{"embeddable":true,"href":"https:\/\/lost-voices-stiftung.org\/en\/wp-json\/wp\/v2\/comments?post=2924"}],"version-history":[{"count":2,"href":"https:\/\/lost-voices-stiftung.org\/en\/wp-json\/wp\/v2\/pages\/2924\/revisions"}],"predecessor-version":[{"id":2936,"href":"https:\/\/lost-voices-stiftung.org\/en\/wp-json\/wp\/v2\/pages\/2924\/revisions\/2936"}],"wp:attachment":[{"href":"https:\/\/lost-voices-stiftung.org\/en\/wp-json\/wp\/v2\/media?parent=2924"}],"curies":[{"name":"wp","href":"https:\/\/api.w.org\/{rel}","templated":true}]}}