{"id":2937,"date":"2025-12-11T15:58:37","date_gmt":"2025-12-11T14:58:37","guid":{"rendered":"https:\/\/lost-voices-stiftung.org\/?page_id=2937"},"modified":"2025-12-11T15:58:37","modified_gmt":"2025-12-11T14:58:37","slug":"frauenchor-hannover-leiht-me-cfs-erkrankten-ihre-stimmen","status":"publish","type":"page","link":"https:\/\/lost-voices-stiftung.org\/en\/frauenchor-hannover-leiht-me-cfs-erkrankten-ihre-stimmen\/","title":{"rendered":"FrauenChor Hannover leiht ME\/CFS-Erkrankten ihre Stimmen"},"content":{"rendered":"<p>[et_pb_section fb_built=&#8220;1&#8243; theme_builder_area=&#8220;post_content&#8220; _builder_version=&#8220;4.27.4&#8243; _module_preset=&#8220;default&#8220; title_text=&#8220;Bildschirmfoto 2025-11-01 um 16.49.46&#8243; background_image=&#8220;https:\/\/lost-voices-stiftung.org\/wp-content\/uploads\/2025\/11\/Bildschirmfoto-2025-11-01-um-16.49.46.png&#8220; height=&#8220;370px&#8220; hover_enabled=&#8220;0&#8243; sticky_enabled=&#8220;0&#8243;][\/et_pb_section][et_pb_section fb_built=&#8220;1&#8243; theme_builder_area=&#8220;post_content&#8220; _builder_version=&#8220;4.27.4&#8243; _module_preset=&#8220;default&#8220;][et_pb_row _builder_version=&#8220;4.27.4&#8243; _module_preset=&#8220;default&#8220; theme_builder_area=&#8220;post_content&#8220;][et_pb_column _builder_version=&#8220;4.27.4&#8243; _module_preset=&#8220;default&#8220; type=&#8220;4_4&#8243; theme_builder_area=&#8220;post_content&#8220;][et_pb_heading title=&#8220;FrauenChor Hannover leiht ME\/CFS-Erkrankten ihre Stimmen&#8220; _builder_version=&#8220;4.27.4&#8243; _module_preset=&#8220;default&#8220; theme_builder_area=&#8220;post_content&#8220; hover_enabled=&#8220;0&#8243; sticky_enabled=&#8220;0&#8243;][\/et_pb_heading][et_pb_text _builder_version=&#8220;4.27.4&#8243; _module_preset=&#8220;default&#8220; theme_builder_area=&#8220;post_content&#8220; hover_enabled=&#8220;0&#8243; sticky_enabled=&#8220;0&#8243;]<\/p>\n<h3 class=\"\" id=\"cc-m-header-8943969776\">Benefizkonzert 01.122018 St. Marien Gartenkirche<\/h3>\n<p>[\/et_pb_text][\/et_pb_column][\/et_pb_row][et_pb_row _builder_version=&#8220;4.27.4&#8243; _module_preset=&#8220;default&#8220; column_structure=&#8220;1_4,1_4,1_4,1_4&#8243; theme_builder_area=&#8220;post_content&#8220;][et_pb_column _builder_version=&#8220;4.27.4&#8243; _module_preset=&#8220;default&#8220; type=&#8220;1_4&#8243; theme_builder_area=&#8220;post_content&#8220;][et_pb_image src=&#8220;https:\/\/lost-voices-stiftung.org\/wp-content\/uploads\/2025\/12\/Bildschirmfoto-2025-12-08-um-19.17.14.png&#8220; _builder_version=&#8220;4.27.4&#8243; _module_preset=&#8220;default&#8220; theme_builder_area=&#8220;post_content&#8220; title_text=&#8220;Bildschirmfoto 2025-12-08 um 19.17.14&#8243; height=&#8220;177px&#8220; hover_enabled=&#8220;0&#8243; sticky_enabled=&#8220;0&#8243;][\/et_pb_image][\/et_pb_column][et_pb_column _builder_version=&#8220;4.27.4&#8243; _module_preset=&#8220;default&#8220; type=&#8220;1_4&#8243; theme_builder_area=&#8220;post_content&#8220;][et_pb_image src=&#8220;https:\/\/lost-voices-stiftung.org\/wp-content\/uploads\/2025\/12\/Bildschirmfoto-2025-12-08-um-19.17.17.png&#8220; _builder_version=&#8220;4.27.4&#8243; _module_preset=&#8220;default&#8220; theme_builder_area=&#8220;post_content&#8220; title_text=&#8220;Bildschirmfoto 2025-12-08 um 19.17.17&#8243; height=&#8220;177px&#8220; hover_enabled=&#8220;0&#8243; sticky_enabled=&#8220;0&#8243;][\/et_pb_image][\/et_pb_column][et_pb_column _builder_version=&#8220;4.27.4&#8243; _module_preset=&#8220;default&#8220; type=&#8220;1_4&#8243; theme_builder_area=&#8220;post_content&#8220;][et_pb_image src=&#8220;https:\/\/lost-voices-stiftung.org\/wp-content\/uploads\/2025\/12\/Bildschirmfoto-2025-12-08-um-19.17.22.png&#8220; _builder_version=&#8220;4.27.4&#8243; _module_preset=&#8220;default&#8220; theme_builder_area=&#8220;post_content&#8220; title_text=&#8220;Bildschirmfoto 2025-12-08 um 19.17.22&#8243; height=&#8220;177px&#8220; hover_enabled=&#8220;0&#8243; sticky_enabled=&#8220;0&#8243;][\/et_pb_image][\/et_pb_column][et_pb_column _builder_version=&#8220;4.27.4&#8243; _module_preset=&#8220;default&#8220; type=&#8220;1_4&#8243; theme_builder_area=&#8220;post_content&#8220;][et_pb_image src=&#8220;https:\/\/lost-voices-stiftung.org\/wp-content\/uploads\/2025\/12\/Bildschirmfoto-2025-12-08-um-19.17.26.png&#8220; _builder_version=&#8220;4.27.4&#8243; _module_preset=&#8220;default&#8220; theme_builder_area=&#8220;post_content&#8220; title_text=&#8220;Bildschirmfoto 2025-12-08 um 19.17.26&#8243; height=&#8220;177px&#8220; hover_enabled=&#8220;0&#8243; sticky_enabled=&#8220;0&#8243;][\/et_pb_image][\/et_pb_column][\/et_pb_row][et_pb_row _builder_version=&#8220;4.27.4&#8243; _module_preset=&#8220;default&#8220; theme_builder_area=&#8220;post_content&#8220;][et_pb_column _builder_version=&#8220;4.27.4&#8243; _module_preset=&#8220;default&#8220; type=&#8220;4_4&#8243; theme_builder_area=&#8220;post_content&#8220;][et_pb_text _builder_version=&#8220;4.27.4&#8243; _module_preset=&#8220;default&#8220; theme_builder_area=&#8220;post_content&#8220; hover_enabled=&#8220;0&#8243; sticky_enabled=&#8220;0&#8243;]<\/p>\n<h3 class=\"\" id=\"cc-m-header-8943969676\">Benefizkonzert 02.122018 St. Michaeliskirche in Ricklingen<\/h3>\n<p>[\/et_pb_text][\/et_pb_column][\/et_pb_row][et_pb_row _builder_version=&#8220;4.27.4&#8243; _module_preset=&#8220;default&#8220; column_structure=&#8220;1_4,1_4,1_4,1_4&#8243; theme_builder_area=&#8220;post_content&#8220;][et_pb_column _builder_version=&#8220;4.27.4&#8243; _module_preset=&#8220;default&#8220; type=&#8220;1_4&#8243; theme_builder_area=&#8220;post_content&#8220;][et_pb_image src=&#8220;https:\/\/lost-voices-stiftung.org\/wp-content\/uploads\/2025\/12\/Bildschirmfoto-2025-12-08-um-19.17.30.png&#8220; _builder_version=&#8220;4.27.4&#8243; _module_preset=&#8220;default&#8220; theme_builder_area=&#8220;post_content&#8220; title_text=&#8220;Bildschirmfoto 2025-12-08 um 19.17.30&#8243; height=&#8220;177px&#8220; hover_enabled=&#8220;0&#8243; sticky_enabled=&#8220;0&#8243;][\/et_pb_image][\/et_pb_column][et_pb_column _builder_version=&#8220;4.27.4&#8243; _module_preset=&#8220;default&#8220; type=&#8220;1_4&#8243; theme_builder_area=&#8220;post_content&#8220;][et_pb_image src=&#8220;https:\/\/lost-voices-stiftung.org\/wp-content\/uploads\/2025\/12\/Bildschirmfoto-2025-12-08-um-19.17.34.png&#8220; _builder_version=&#8220;4.27.4&#8243; _module_preset=&#8220;default&#8220; theme_builder_area=&#8220;post_content&#8220; title_text=&#8220;Bildschirmfoto 2025-12-08 um 19.17.34&#8243; height=&#8220;177px&#8220; hover_enabled=&#8220;0&#8243; sticky_enabled=&#8220;0&#8243;][\/et_pb_image][\/et_pb_column][et_pb_column _builder_version=&#8220;4.27.4&#8243; _module_preset=&#8220;default&#8220; type=&#8220;1_4&#8243; theme_builder_area=&#8220;post_content&#8220;][et_pb_image src=&#8220;https:\/\/lost-voices-stiftung.org\/wp-content\/uploads\/2025\/12\/Bildschirmfoto-2025-12-08-um-19.17.38.png&#8220; _builder_version=&#8220;4.27.4&#8243; _module_preset=&#8220;default&#8220; theme_builder_area=&#8220;post_content&#8220; title_text=&#8220;Bildschirmfoto 2025-12-08 um 19.17.38&#8243; height=&#8220;177px&#8220; hover_enabled=&#8220;0&#8243; sticky_enabled=&#8220;0&#8243;][\/et_pb_image][\/et_pb_column][et_pb_column _builder_version=&#8220;4.27.4&#8243; _module_preset=&#8220;default&#8220; type=&#8220;1_4&#8243; theme_builder_area=&#8220;post_content&#8220;][et_pb_image src=&#8220;https:\/\/lost-voices-stiftung.org\/wp-content\/uploads\/2025\/12\/Bildschirmfoto-2025-12-08-um-19.17.51.png&#8220; _builder_version=&#8220;4.27.4&#8243; _module_preset=&#8220;default&#8220; theme_builder_area=&#8220;post_content&#8220; title_text=&#8220;Bildschirmfoto 2025-12-08 um 19.17.51&#8243; height=&#8220;177px&#8220; hover_enabled=&#8220;0&#8243; sticky_enabled=&#8220;0&#8243;][\/et_pb_image][\/et_pb_column][\/et_pb_row][et_pb_row _builder_version=&#8220;4.27.4&#8243; _module_preset=&#8220;default&#8220; theme_builder_area=&#8220;post_content&#8220;][et_pb_column _builder_version=&#8220;4.27.4&#8243; _module_preset=&#8220;default&#8220; type=&#8220;4_4&#8243; theme_builder_area=&#8220;post_content&#8220;][et_pb_text _builder_version=&#8220;4.27.4&#8243; _module_preset=&#8220;default&#8220; theme_builder_area=&#8220;post_content&#8220; hover_enabled=&#8220;0&#8243; sticky_enabled=&#8220;0&#8243;]<\/p>\n<div id=\"cc-m-8943970576\" class=\"j-module n j-header \">\n<h3 class=\"\" id=\"cc-m-header-8943970576\">Der FrauenChor Hannover bezaubert mit 2 Adventskonzerten und sammelt eine Spendensumme von 2.000 EUR<\/h3>\n<\/div>\n<div id=\"cc-m-8948460276\" class=\"j-module n j-text \">\n<p>Der FrauenChor Hannover schenkte den &#8222;Lost Voices&#8220; Ihre Stimmen. Die Benefizkonzerte zugunsten der Lost Voices Stiftung boten eine musikalische Reise in den Advent. Speziell f\u00fcr diese beiden Abende am 1. Dezember 2018 in der Gartenkirche St. Marien in Hannovers S\u00fcdstadt und f\u00fcr das zweite Konzert am 2. Dezember in der St. Michaeliskirche Ricklingen, hatte Frauke Bielefeldt den von ihr komponierten Charity Song &#8222;Lost Voices Calling&#8220; in Zusammenarbeit mit der Chorleitung Biljana Wittstock f\u00fcr die Chorstimmen neu arrangiert. Der Song ber\u00fchrt das Konzertpublikum. Das vorweihnachtliche Programm regte die Besucher in den gut gef\u00fcllten Kirchen dazu an, bei einem Teil der Lieder miteinzustimmen. Nach dem Konzert wurden noch viele inspirierende Gespr\u00e4che bei Kaffee und selbstgebackenen Keksen gef\u00fchrt. Am ersten Konzert in der Gartenkirche nahm auch Michaela Michalowitz als stellvertretende Regionspr\u00e4sidentin der Region Hannover an dem Konzert teil und vertrat Hauke Jagau, der zeitlich verhindert war.<\/p>\n<p>Insgesamt sammelt der FrauenChor an diesen beiden Konzertabenden 2.000 EUR zugunsten der Lost Voices Stiftung.<\/p>\n<p>Wir bedanken uns bei allen Beteiligten, die diese Konzertabende und diese erfreuliche Spendensumme erm\u00f6glicht haben. Ein ganz besonderer Dank gilt dabei Pastor Dohrmann f\u00fcr die Bereitstellung der Gartenkirche f\u00fcr das Konzert, sowie Pastorin Ahlers der Kirchengemeinde St. Michaelis in Ricklingen \u2013 und nat\u00fcrlich der Chorleiterin Biljana Wittstock, dem Pianisten Michael Fritzsche und dem FrauenChor Hannover. Die wunderbaren Stimmen haben uns an diesem Abend auf bezaubernde Art und Weise und durch die eigens darauf dramaturgisch abgestimmte Moderation von Ulrike Dill direkt in den Advent eintauchen lassen. Uns wurde ein Konzertabend beschert, der sowohl besinnlich, fr\u00f6hlich und nachdenklich stimmte.<\/p>\n<\/div>\n<p>[\/et_pb_text][\/et_pb_column][\/et_pb_row][\/et_pb_section]<\/p>\n","protected":false},"excerpt":{"rendered":"<p>Benefizkonzert 01.122018 St. Marien GartenkircheBenefizkonzert 02.122018 St. Michaeliskirche in Ricklingen Der FrauenChor Hannover bezaubert mit 2 Adventskonzerten und sammelt eine Spendensumme von 2.000 EUR Der FrauenChor Hannover schenkte den &#8222;Lost Voices&#8220; Ihre Stimmen. Die Benefizkonzerte zugunsten der Lost Voices Stiftung boten eine musikalische Reise in den Advent. Speziell f\u00fcr diese beiden Abende am 1. Dezember [&hellip;]<\/p>\n","protected":false},"author":1,"featured_media":0,"parent":0,"menu_order":0,"comment_status":"closed","ping_status":"closed","template":"","meta":{"_et_pb_use_builder":"on","_et_pb_old_content":"","_et_gb_content_width":"","ngg_post_thumbnail":0,"footnotes":""},"class_list":["post-2937","page","type-page","status-publish","hentry"],"_links":{"self":[{"href":"https:\/\/lost-voices-stiftung.org\/en\/wp-json\/wp\/v2\/pages\/2937","targetHints":{"allow":["GET"]}}],"collection":[{"href":"https:\/\/lost-voices-stiftung.org\/en\/wp-json\/wp\/v2\/pages"}],"about":[{"href":"https:\/\/lost-voices-stiftung.org\/en\/wp-json\/wp\/v2\/types\/page"}],"author":[{"embeddable":true,"href":"https:\/\/lost-voices-stiftung.org\/en\/wp-json\/wp\/v2\/users\/1"}],"replies":[{"embeddable":true,"href":"https:\/\/lost-voices-stiftung.org\/en\/wp-json\/wp\/v2\/comments?post=2937"}],"version-history":[{"count":2,"href":"https:\/\/lost-voices-stiftung.org\/en\/wp-json\/wp\/v2\/pages\/2937\/revisions"}],"predecessor-version":[{"id":2950,"href":"https:\/\/lost-voices-stiftung.org\/en\/wp-json\/wp\/v2\/pages\/2937\/revisions\/2950"}],"wp:attachment":[{"href":"https:\/\/lost-voices-stiftung.org\/en\/wp-json\/wp\/v2\/media?parent=2937"}],"curies":[{"name":"wp","href":"https:\/\/api.w.org\/{rel}","templated":true}]}}