{"id":2951,"date":"2025-12-11T15:59:44","date_gmt":"2025-12-11T14:59:44","guid":{"rendered":"https:\/\/lost-voices-stiftung.org\/?page_id=2951"},"modified":"2025-12-11T15:59:44","modified_gmt":"2025-12-11T14:59:44","slug":"spenden-anstatt-von-geschenken-liedermacher-joerg-streng-begeisterte-zum-120-geburtstag","status":"publish","type":"page","link":"https:\/\/lost-voices-stiftung.org\/en\/spenden-anstatt-von-geschenken-liedermacher-joerg-streng-begeisterte-zum-120-geburtstag\/","title":{"rendered":"Spenden anstatt von Geschenken &#8211; Liedermacher J\u00f6rg Streng begeisterte zum 120. Geburtstag"},"content":{"rendered":"<p>[et_pb_section fb_built=&#8220;1&#8243; theme_builder_area=&#8220;post_content&#8220; _builder_version=&#8220;4.27.4&#8243; _module_preset=&#8220;default&#8220; title_text=&#8220;Bildschirmfoto 2025-11-01 um 16.49.46&#8243; background_image=&#8220;https:\/\/lost-voices-stiftung.org\/wp-content\/uploads\/2025\/11\/Bildschirmfoto-2025-11-01-um-16.49.46.png&#8220; height=&#8220;370px&#8220; hover_enabled=&#8220;0&#8243; sticky_enabled=&#8220;0&#8243;][\/et_pb_section][et_pb_section fb_built=&#8220;1&#8243; theme_builder_area=&#8220;post_content&#8220; _builder_version=&#8220;4.27.4&#8243; _module_preset=&#8220;default&#8220;][et_pb_row _builder_version=&#8220;4.27.4&#8243; _module_preset=&#8220;default&#8220; theme_builder_area=&#8220;post_content&#8220;][et_pb_column _builder_version=&#8220;4.27.4&#8243; _module_preset=&#8220;default&#8220; type=&#8220;4_4&#8243; theme_builder_area=&#8220;post_content&#8220;][et_pb_heading title=&#8220;Spenden anstatt von Geschenken &#8211; Liedermacher J\u00f6rg Streng begeisterte zum 120. Geburtstag&#8220; _builder_version=&#8220;4.27.4&#8243; _module_preset=&#8220;default&#8220; theme_builder_area=&#8220;post_content&#8220; hover_enabled=&#8220;0&#8243; sticky_enabled=&#8220;0&#8243;][\/et_pb_heading][\/et_pb_column][\/et_pb_row][et_pb_row _builder_version=&#8220;4.27.4&#8243; _module_preset=&#8220;default&#8220; theme_builder_area=&#8220;post_content&#8220;][et_pb_column _builder_version=&#8220;4.27.4&#8243; _module_preset=&#8220;default&#8220; type=&#8220;4_4&#8243; theme_builder_area=&#8220;post_content&#8220;][et_pb_text _builder_version=&#8220;4.27.4&#8243; _module_preset=&#8220;default&#8220; theme_builder_area=&#8220;post_content&#8220; text_text_color=&#8220;#273582&#8243; hover_enabled=&#8220;0&#8243; sticky_enabled=&#8220;0&#8243;]<\/p>\n<p style=\"font-weight: 400;\">Am 21. Oktober 2018 fand die Feier zum 120. Geburtstag des Ehepaars Rupp aus Neustadt am Kulm statt. Es war keine gew\u00f6hnliche Geburtstagsfeier, da sich die Rupps entschieden hatten, diesen Anlass der Aufkl\u00e4rung \u00fcber ME\/CFS zu widmen und statt Geburtstagsgeschenken, um Spenden f\u00fcr die Lost Voices Stiftung und die Deutsche Gesellschaft f\u00fcr ME\/CFS e.V. baten.<\/p>\n<p style=\"font-weight: 400;\">\n<p style=\"font-weight: 400;\">Zu Beginn der Veranstaltung erkl\u00e4rte das Ehepaar den Grund f\u00fcr diese Entscheidung \u2013 ihre Tochter Maike leidet seit 5 Jahren an der schweren neuroimmunologischen Krankheit ME\/CFS und ist seitdem nicht mehr in der Lage, ihr Leben wie gewohnt weiterzuf\u00fchren. Auch eine Teilnahme an der Feier war ihr deswegen gesundheitlich nicht m\u00f6glich und ihre Eltern verlasen ein Gru\u00dfwort von ihr: &#8220; Liebe Konzertbesucher, ich freue mich sehr dar\u00fcber, dass Sie gekommen sind. Ganz besonders m\u00f6chte ich meine Freundinnen gr\u00fc\u00dfen, die heute Abend hier sind. Aufgrund meiner Krankheit kann ich leider nicht mit dabei sein. Vielen Herzlichen Dank f\u00fcr alle Anteilnahme, Spenden und Unterst\u00fctzung beim Bekanntmachen von ME\/CFS! Ich w\u00fcnsche Ihnen allen ein wundersch\u00f6nes Konzert mit Liedern \u00fcber den Glauben an Jesus, der auch mir in meiner schwierigen Situation immer wieder Halt und Mut gibt. Herzliche Gr\u00fc\u00dfe.&#8220;<\/p>\n<p style=\"font-weight: 400;\">\n<p style=\"font-weight: 400;\">Zur musikalischen Untermalung des Abends hatten die Rupps den christlichen Liedermacher J\u00f6rg Streng eingeladen, der mit seinem Programm \u201eDurst nach Leben\u201c mit besinnlichen und nachdenklichen Liedern den Abend mitgestaltete.<\/p>\n<p style=\"font-weight: 400;\">\n<p style=\"font-weight: 400;\"><span>\u00a0<\/span>\u201eIn beeindruckender Weise f\u00fchrte der Liedermacher selbst durch das Programm und leitete jedes Lied mit einer pers\u00f6nlichen Anekdote oder besinnlichen Worten ein. Er gab zu bedenken, dass Durst lebensbedrohlich werden kann. Oft sei es aber nicht der Durst nach Getr\u00e4nken, sondern der innere Durst: die Suche nach dem Sinn des Lebens. In kleinen Schritten und mit Hilfe seiner Lieder gab er Antwort auf diese Frage.\u00a0 Auch seine Musik gefiel den Zuh\u00f6ren sehr und sie geizten nicht mit Applaus. Die eindrucksvollen Texte und ausdrucksstarken Melodien rissen das Publikum von Anfang an mit.\u201c, sagt Mathias Rupp dar\u00fcber, wie er selbst den Abend erlebte.<\/p>\n<p style=\"font-weight: 400;\">\n<p style=\"font-weight: 400;\">Am Ende des Abends kam eine gro\u00dfz\u00fcgige Spendensumme f\u00fcr die Lost Voices Stiftung und die Deutsche Gesellschaft f\u00fcr ME\/CFS e.V. zusammen \u2013 wir verzichten hier auf die Nennung des genauen Betrages, da es sich bei der Feier um einen privaten Rahmen gehandelt hat. Die Lost Voices Stiftung und das Projekt \u201eMusic for ME\u201c bedanken sich herzlich f\u00fcr die Organisation dieses Abends und die gesammelten Spenden, mit denen es m\u00f6glich sein wird, weitere Stipendiaten zu f\u00f6rdern, die bei <span>\u00a0<\/span>Frau Professor Scheibenbogen an der Charit\u00e9 Berlin zu ME\/CFS forschen.<\/p>\n<p>[\/et_pb_text][\/et_pb_column][\/et_pb_row][\/et_pb_section]<\/p>\n","protected":false},"excerpt":{"rendered":"<p>Am 21. Oktober 2018 fand die Feier zum 120. Geburtstag des Ehepaars Rupp aus Neustadt am Kulm statt. Es war keine gew\u00f6hnliche Geburtstagsfeier, da sich die Rupps entschieden hatten, diesen Anlass der Aufkl\u00e4rung \u00fcber ME\/CFS zu widmen und statt Geburtstagsgeschenken, um Spenden f\u00fcr die Lost Voices Stiftung und die Deutsche Gesellschaft f\u00fcr ME\/CFS e.V. baten. [&hellip;]<\/p>\n","protected":false},"author":1,"featured_media":0,"parent":0,"menu_order":0,"comment_status":"closed","ping_status":"closed","template":"","meta":{"_et_pb_use_builder":"on","_et_pb_old_content":"","_et_gb_content_width":"","ngg_post_thumbnail":0,"footnotes":""},"class_list":["post-2951","page","type-page","status-publish","hentry"],"_links":{"self":[{"href":"https:\/\/lost-voices-stiftung.org\/en\/wp-json\/wp\/v2\/pages\/2951","targetHints":{"allow":["GET"]}}],"collection":[{"href":"https:\/\/lost-voices-stiftung.org\/en\/wp-json\/wp\/v2\/pages"}],"about":[{"href":"https:\/\/lost-voices-stiftung.org\/en\/wp-json\/wp\/v2\/types\/page"}],"author":[{"embeddable":true,"href":"https:\/\/lost-voices-stiftung.org\/en\/wp-json\/wp\/v2\/users\/1"}],"replies":[{"embeddable":true,"href":"https:\/\/lost-voices-stiftung.org\/en\/wp-json\/wp\/v2\/comments?post=2951"}],"version-history":[{"count":2,"href":"https:\/\/lost-voices-stiftung.org\/en\/wp-json\/wp\/v2\/pages\/2951\/revisions"}],"predecessor-version":[{"id":2954,"href":"https:\/\/lost-voices-stiftung.org\/en\/wp-json\/wp\/v2\/pages\/2951\/revisions\/2954"}],"wp:attachment":[{"href":"https:\/\/lost-voices-stiftung.org\/en\/wp-json\/wp\/v2\/media?parent=2951"}],"curies":[{"name":"wp","href":"https:\/\/api.w.org\/{rel}","templated":true}]}}