{"id":2955,"date":"2025-12-11T15:58:31","date_gmt":"2025-12-11T14:58:31","guid":{"rendered":"https:\/\/lost-voices-stiftung.org\/?page_id=2955"},"modified":"2025-12-11T15:58:31","modified_gmt":"2025-12-11T14:58:31","slug":"die-mbr-bigband-ueberraschte-und-begeisterte-am-vergangenen-samstag-in-mainz-hechtsheim","status":"publish","type":"page","link":"https:\/\/lost-voices-stiftung.org\/en\/die-mbr-bigband-ueberraschte-und-begeisterte-am-vergangenen-samstag-in-mainz-hechtsheim\/","title":{"rendered":"Die MBR-Bigband \u00fcberraschte und begeisterte am vergangenen Samstag in Mainz-Hechtsheim"},"content":{"rendered":"<p>[et_pb_section fb_built=&#8220;1&#8243; theme_builder_area=&#8220;post_content&#8220; _builder_version=&#8220;4.27.4&#8243; _module_preset=&#8220;default&#8220; title_text=&#8220;Bildschirmfoto 2025-11-01 um 16.49.46&#8243; background_image=&#8220;https:\/\/lost-voices-stiftung.org\/wp-content\/uploads\/2025\/11\/Bildschirmfoto-2025-11-01-um-16.49.46.png&#8220; height=&#8220;370px&#8220; hover_enabled=&#8220;0&#8243; sticky_enabled=&#8220;0&#8243;][\/et_pb_section][et_pb_section fb_built=&#8220;1&#8243; theme_builder_area=&#8220;post_content&#8220; _builder_version=&#8220;4.27.4&#8243; _module_preset=&#8220;default&#8220;][et_pb_row _builder_version=&#8220;4.27.4&#8243; _module_preset=&#8220;default&#8220; theme_builder_area=&#8220;post_content&#8220;][et_pb_column _builder_version=&#8220;4.27.4&#8243; _module_preset=&#8220;default&#8220; type=&#8220;4_4&#8243; theme_builder_area=&#8220;post_content&#8220;][et_pb_heading title=&#8220;Die MBR-Bigband \u00fcberraschte und begeisterte am vergangenen Samstag in Mainz-Hechtsheim&#8220; _builder_version=&#8220;4.27.4&#8243; _module_preset=&#8220;default&#8220; theme_builder_area=&#8220;post_content&#8220; hover_enabled=&#8220;0&#8243; sticky_enabled=&#8220;0&#8243;][\/et_pb_heading][et_pb_image src=&#8220;https:\/\/lost-voices-stiftung.org\/wp-content\/uploads\/2025\/12\/Bildschirmfoto-2025-12-08-um-19.29.44.png&#8220; _builder_version=&#8220;4.27.4&#8243; _module_preset=&#8220;default&#8220; theme_builder_area=&#8220;post_content&#8220; title_text=&#8220;Bildschirmfoto 2025-12-08 um 19.29.44&#8243; hover_enabled=&#8220;0&#8243; sticky_enabled=&#8220;0&#8243;][\/et_pb_image][\/et_pb_column][\/et_pb_row][et_pb_row _builder_version=&#8220;4.27.4&#8243; _module_preset=&#8220;default&#8220; theme_builder_area=&#8220;post_content&#8220;][et_pb_column _builder_version=&#8220;4.27.4&#8243; _module_preset=&#8220;default&#8220; type=&#8220;4_4&#8243; theme_builder_area=&#8220;post_content&#8220;][et_pb_text _builder_version=&#8220;4.27.4&#8243; _module_preset=&#8220;default&#8220; theme_builder_area=&#8220;post_content&#8220; text_text_color=&#8220;#273582&#8243; hover_enabled=&#8220;0&#8243; sticky_enabled=&#8220;0&#8243;]<\/p>\n<p style=\"font-weight: 400;\">Am letzten Samstag, dem 14. April 2018, widmeten die Musikerinnen und Musiker der MBR-Bigband bereits zum 6. Mal ein Konzert in der Radsporthalle Mainz-Hechtsheim dem Benefizprojekt \u201eMusic for ME\u201c der Lost Voices Stiftung. Die MBR-Bigband unter der Leitung von Stefan Scriba und S\u00e4nger Dirk Kubitschek begeisterten mit ihrem breiten Repertoire von Swing-Klassikern \u00fcber Latin Jazz, Soul und Funk bis zu Rock- und Pop-Adaptionen. Da viele Besucher regelm\u00e4\u00dfig bei den Konzerten der Bigband dabei sind, hatte man sich entschlossen, viele neue St\u00fccke in die Setlist aufzunehmen. Viel Arbeit also \u2013 die sich aber gelohnt hat. Eine unerwartete \u00dcberraschung hob sich die Musikformation f\u00fcr das zweite Set auf: Dirk Kubitscheks Tochter Selma war der \u00dcberraschungsgast. Mit kraftvoller Stimme sang sie zwei St\u00fccke von Amy Winehouse. Und als Zugabe schlie\u00dflich gemeinsam mit ihrem Papa das schon von Frank Sinatra mit seiner Tochter gesungene \u201eSomething Stupid\u201c. \u201eEs war zum Weinen sch\u00f6n\u201c, sagte Anne Frodl am Ende des Konzertes. Dieser emotionalen Momentaufnahme ist kaum etwas hinzuzuf\u00fcgen.<\/p>\n<p style=\"font-weight: 400;\">\n<p style=\"font-weight: 400;\">Das Konzert stand wie im Vorjahr unter der Schirmherrschaft der Bundestagsabgeordneten des Wahlkreises Mainz, Frau Ursula Groden-Kranich. Der Radfahrerverein 1910 e.V. Hechtsheim unterst\u00fctzte mit gro\u00dfem Engagement die Durchf\u00fchrung des Konzerts und sorgte f\u00fcr das leibliche Wohl.<\/p>\n<p style=\"font-weight: 400;\">\n<p style=\"font-weight: 400;\">An dem Konzertabend konnte eine Spendensumme von \u00fcber 2000 \u20ac zugunsten der Lost Voices Stiftung gesammelt werden. Bei allen Beteiligten bedankt sich die Lost Voices Stiftung ganz herzlich, insbesondere bei Anne und Peter Frodl und seinen Mitmusikern und Mitmusikerinnen der MBR Bigband, die durch ihren Einsatz diesen sch\u00f6nen und erfolgreichen Abend m\u00f6glich gemacht haben.<\/p>\n<p style=\"font-weight: 400;\">\n<p style=\"font-weight: 400;\">Mit dem Spendenerl\u00f6s unterst\u00fctzt die Lost Voices Stiftung Menschen, die an der neuroimmunologischen Erkrankung Myalgische Enzephalomyelitis ME (oft auch als Chronic Fatigue Syndrome\/CFS bezeichnet) erkrankt sind. Sie setzt sich seit 2009 daf\u00fcr ein, dass das internationale Wissen zu dieser schweren chronischen Erkrankung auch in Deutschland bekannt wird und die erkrankten Menschen und die pflegenden Angeh\u00f6rigen die richtige Unterst\u00fctzung erhalten. Sie f\u00f6rdert die Forschung, unter anderem an der Berliner Charit\u00e9, zu Ursachen und Behandlungsm\u00f6glichkeiten von ME\/CFS.<\/p>\n<p>[\/et_pb_text][\/et_pb_column][\/et_pb_row][et_pb_row _builder_version=&#8220;4.27.4&#8243; _module_preset=&#8220;default&#8220; column_structure=&#8220;1_2,1_2&#8243; theme_builder_area=&#8220;post_content&#8220;][et_pb_column _builder_version=&#8220;4.27.4&#8243; _module_preset=&#8220;default&#8220; type=&#8220;1_2&#8243; theme_builder_area=&#8220;post_content&#8220;][et_pb_image src=&#8220;https:\/\/lost-voices-stiftung.org\/wp-content\/uploads\/2025\/12\/Bildschirmfoto-2025-12-08-um-19.31.51.png&#8220; _builder_version=&#8220;4.27.4&#8243; _module_preset=&#8220;default&#8220; theme_builder_area=&#8220;post_content&#8220; title_text=&#8220;Bildschirmfoto 2025-12-08 um 19.31.51&#8243; hover_enabled=&#8220;0&#8243; sticky_enabled=&#8220;0&#8243;][\/et_pb_image][\/et_pb_column][et_pb_column _builder_version=&#8220;4.27.4&#8243; _module_preset=&#8220;default&#8220; type=&#8220;1_2&#8243; theme_builder_area=&#8220;post_content&#8220;][et_pb_image src=&#8220;https:\/\/lost-voices-stiftung.org\/wp-content\/uploads\/2025\/12\/Bildschirmfoto-2025-12-08-um-19.31.55.png&#8220; _builder_version=&#8220;4.27.4&#8243; _module_preset=&#8220;default&#8220; theme_builder_area=&#8220;post_content&#8220; title_text=&#8220;Bildschirmfoto 2025-12-08 um 19.31.55&#8243; height=&#8220;340px&#8220; hover_enabled=&#8220;0&#8243; sticky_enabled=&#8220;0&#8243;][\/et_pb_image][\/et_pb_column][\/et_pb_row][et_pb_row _builder_version=&#8220;4.27.4&#8243; _module_preset=&#8220;default&#8220; theme_builder_area=&#8220;post_content&#8220;][et_pb_column _builder_version=&#8220;4.27.4&#8243; _module_preset=&#8220;default&#8220; type=&#8220;4_4&#8243; theme_builder_area=&#8220;post_content&#8220;][et_pb_heading title=&#8220;Let\u00b4s groove! 25 Jahre MBR-BigBand 2017&#8243; _builder_version=&#8220;4.27.4&#8243; _module_preset=&#8220;default&#8220; theme_builder_area=&#8220;post_content&#8220; hover_enabled=&#8220;0&#8243; sticky_enabled=&#8220;0&#8243;][\/et_pb_heading][et_pb_image src=&#8220;https:\/\/lost-voices-stiftung.org\/wp-content\/uploads\/2025\/12\/Bildschirmfoto-2025-12-08-um-19.33.59.png&#8220; _builder_version=&#8220;4.27.4&#8243; _module_preset=&#8220;default&#8220; theme_builder_area=&#8220;post_content&#8220; hover_enabled=&#8220;0&#8243; sticky_enabled=&#8220;0&#8243; title_text=&#8220;Bildschirmfoto 2025-12-08 um 19.33.59&#8243;][\/et_pb_image][et_pb_text _builder_version=&#8220;4.27.4&#8243; _module_preset=&#8220;default&#8220; theme_builder_area=&#8220;post_content&#8220; text_text_color=&#8220;#273582&#8243; hover_enabled=&#8220;0&#8243; sticky_enabled=&#8220;0&#8243;]<\/p>\n<p><span>Let\u00b4s groove! Lautete das Motto der MBR-BigBand am Samstag, 01.04.2017 in Mainz Hechtsheim. Die Band unter der Leitung von Stefan Scriba feierte ihr 25 j\u00e4hriges Bestehen. Von Swing-Klassikern \u00fcber Latin, Jazz, Soul und Funk bis zu Rock-und Pop-Adoptionen begeisterte S\u00e4nger Dirk Kubitschek und seine Band-Kollegen das Publikum. Die MBR-BigBand spielte bereit zum f\u00fcnften Mal zugunsten der Lost Voices Stiftung. Der Erl\u00f6s toppte die Einnahmen aus dem letzten Jahr um mehrere hundert Euro. Diesmal kamen mehr als EUR 2.000,00 Spenden zusammen.Der Saal war diesmal komplett belegt und S\u00e4nger Dirk Kubitschek startete einen regelrechten Spendenmarathon und motivierte in mehreren Spendenrunden das Publikum um ihre finanzielle Unterst\u00fctzung. Die Band bedankte sich ihrerseits durch ein Feuerwerk an Musik mit Reminizenzen unter anderem an Frank Sinatra und Roger Cicero. Das diesj\u00e4hrige Konzert stand unter der Schirmherrschaft von Frau Groden-Kranich MdB. Sie half mit das gesammelte Geld zu z\u00e4hlen und lieferte damit zeitnah das Ergebnis zu den Spendenrunden an das Publikum.<\/span><\/p>\n<p>[\/et_pb_text][\/et_pb_column][\/et_pb_row][et_pb_row _builder_version=&#8220;4.27.4&#8243; _module_preset=&#8220;default&#8220; column_structure=&#8220;1_4,1_4,1_4,1_4&#8243; theme_builder_area=&#8220;post_content&#8220;][et_pb_column _builder_version=&#8220;4.27.4&#8243; _module_preset=&#8220;default&#8220; type=&#8220;1_4&#8243; theme_builder_area=&#8220;post_content&#8220;][et_pb_image src=&#8220;https:\/\/lost-voices-stiftung.org\/wp-content\/uploads\/2025\/12\/Bildschirmfoto-2025-12-08-um-19.34.04.png&#8220; _builder_version=&#8220;4.27.4&#8243; _module_preset=&#8220;default&#8220; theme_builder_area=&#8220;post_content&#8220; title_text=&#8220;Bildschirmfoto 2025-12-08 um 19.34.04&#8243; hover_enabled=&#8220;0&#8243; sticky_enabled=&#8220;0&#8243;][\/et_pb_image][\/et_pb_column][et_pb_column _builder_version=&#8220;4.27.4&#8243; _module_preset=&#8220;default&#8220; type=&#8220;1_4&#8243; theme_builder_area=&#8220;post_content&#8220;][et_pb_image src=&#8220;https:\/\/lost-voices-stiftung.org\/wp-content\/uploads\/2025\/12\/Bildschirmfoto-2025-12-08-um-19.34.09.png&#8220; _builder_version=&#8220;4.27.4&#8243; _module_preset=&#8220;default&#8220; theme_builder_area=&#8220;post_content&#8220; title_text=&#8220;Bildschirmfoto 2025-12-08 um 19.34.09&#8243; hover_enabled=&#8220;0&#8243; sticky_enabled=&#8220;0&#8243;][\/et_pb_image][\/et_pb_column][et_pb_column _builder_version=&#8220;4.27.4&#8243; _module_preset=&#8220;default&#8220; type=&#8220;1_4&#8243; theme_builder_area=&#8220;post_content&#8220;][et_pb_image src=&#8220;https:\/\/lost-voices-stiftung.org\/wp-content\/uploads\/2025\/12\/Bildschirmfoto-2025-12-08-um-19.34.19.png&#8220; _builder_version=&#8220;4.27.4&#8243; _module_preset=&#8220;default&#8220; theme_builder_area=&#8220;post_content&#8220; title_text=&#8220;Bildschirmfoto 2025-12-08 um 19.34.19&#8243; hover_enabled=&#8220;0&#8243; sticky_enabled=&#8220;0&#8243;][\/et_pb_image][\/et_pb_column][et_pb_column _builder_version=&#8220;4.27.4&#8243; _module_preset=&#8220;default&#8220; type=&#8220;1_4&#8243; theme_builder_area=&#8220;post_content&#8220;][et_pb_image src=&#8220;https:\/\/lost-voices-stiftung.org\/wp-content\/uploads\/2025\/12\/Bildschirmfoto-2025-12-08-um-19.34.24.png&#8220; _builder_version=&#8220;4.27.4&#8243; _module_preset=&#8220;default&#8220; theme_builder_area=&#8220;post_content&#8220; title_text=&#8220;Bildschirmfoto 2025-12-08 um 19.34.24&#8243; hover_enabled=&#8220;0&#8243; sticky_enabled=&#8220;0&#8243;][\/et_pb_image][\/et_pb_column][\/et_pb_row][et_pb_row _builder_version=&#8220;4.27.4&#8243; _module_preset=&#8220;default&#8220; theme_builder_area=&#8220;post_content&#8220;][et_pb_column _builder_version=&#8220;4.27.4&#8243; _module_preset=&#8220;default&#8220; type=&#8220;4_4&#8243; theme_builder_area=&#8220;post_content&#8220;][et_pb_text _builder_version=&#8220;4.27.4&#8243; _module_preset=&#8220;default&#8220; theme_builder_area=&#8220;post_content&#8220; hover_enabled=&#8220;0&#8243; sticky_enabled=&#8220;0&#8243;]<\/p>\n<p><span>Fotos von Fotos von A. Meents und A.Frodl<\/span><\/p>\n<p>[\/et_pb_text][\/et_pb_column][\/et_pb_row][\/et_pb_section]<\/p>\n","protected":false},"excerpt":{"rendered":"<p>Am letzten Samstag, dem 14. April 2018, widmeten die Musikerinnen und Musiker der MBR-Bigband bereits zum 6. Mal ein Konzert in der Radsporthalle Mainz-Hechtsheim dem Benefizprojekt \u201eMusic for ME\u201c der Lost Voices Stiftung. Die MBR-Bigband unter der Leitung von Stefan Scriba und S\u00e4nger Dirk Kubitschek begeisterten mit ihrem breiten Repertoire von Swing-Klassikern \u00fcber Latin Jazz, [&hellip;]<\/p>\n","protected":false},"author":1,"featured_media":0,"parent":0,"menu_order":0,"comment_status":"closed","ping_status":"closed","template":"","meta":{"_et_pb_use_builder":"on","_et_pb_old_content":"","_et_gb_content_width":"","ngg_post_thumbnail":0,"footnotes":""},"class_list":["post-2955","page","type-page","status-publish","hentry"],"_links":{"self":[{"href":"https:\/\/lost-voices-stiftung.org\/en\/wp-json\/wp\/v2\/pages\/2955","targetHints":{"allow":["GET"]}}],"collection":[{"href":"https:\/\/lost-voices-stiftung.org\/en\/wp-json\/wp\/v2\/pages"}],"about":[{"href":"https:\/\/lost-voices-stiftung.org\/en\/wp-json\/wp\/v2\/types\/page"}],"author":[{"embeddable":true,"href":"https:\/\/lost-voices-stiftung.org\/en\/wp-json\/wp\/v2\/users\/1"}],"replies":[{"embeddable":true,"href":"https:\/\/lost-voices-stiftung.org\/en\/wp-json\/wp\/v2\/comments?post=2955"}],"version-history":[{"count":2,"href":"https:\/\/lost-voices-stiftung.org\/en\/wp-json\/wp\/v2\/pages\/2955\/revisions"}],"predecessor-version":[{"id":2969,"href":"https:\/\/lost-voices-stiftung.org\/en\/wp-json\/wp\/v2\/pages\/2955\/revisions\/2969"}],"wp:attachment":[{"href":"https:\/\/lost-voices-stiftung.org\/en\/wp-json\/wp\/v2\/media?parent=2955"}],"curies":[{"name":"wp","href":"https:\/\/api.w.org\/{rel}","templated":true}]}}