{"id":2988,"date":"2025-12-11T15:58:22","date_gmt":"2025-12-11T14:58:22","guid":{"rendered":"https:\/\/lost-voices-stiftung.org\/?page_id=2988"},"modified":"2025-12-11T15:58:22","modified_gmt":"2025-12-11T14:58:22","slug":"benefizkonzert-dingolshausen-vom-15-januar-2017","status":"publish","type":"page","link":"https:\/\/lost-voices-stiftung.org\/en\/benefizkonzert-dingolshausen-vom-15-januar-2017\/","title":{"rendered":"Benefizkonzert Dingolshausen vom 15. JanuaR 2017"},"content":{"rendered":"<p>[et_pb_section fb_built=&#8220;1&#8243; theme_builder_area=&#8220;post_content&#8220; _builder_version=&#8220;4.27.4&#8243; _module_preset=&#8220;default&#8220; title_text=&#8220;Bildschirmfoto 2025-11-01 um 16.49.46&#8243; background_image=&#8220;https:\/\/lost-voices-stiftung.org\/wp-content\/uploads\/2025\/11\/Bildschirmfoto-2025-11-01-um-16.49.46.png&#8220; height=&#8220;370px&#8220; hover_enabled=&#8220;0&#8243; sticky_enabled=&#8220;0&#8243;][\/et_pb_section][et_pb_section fb_built=&#8220;1&#8243; theme_builder_area=&#8220;post_content&#8220; _builder_version=&#8220;4.27.4&#8243; _module_preset=&#8220;default&#8220;][et_pb_row _builder_version=&#8220;4.27.4&#8243; _module_preset=&#8220;default&#8220; theme_builder_area=&#8220;post_content&#8220;][et_pb_column _builder_version=&#8220;4.27.4&#8243; _module_preset=&#8220;default&#8220; type=&#8220;4_4&#8243; theme_builder_area=&#8220;post_content&#8220;][et_pb_heading title=&#8220;Benefizkonzert Dingolshausen vom 15. Januar 2017&#8243; _builder_version=&#8220;4.27.4&#8243; _module_preset=&#8220;default&#8220; theme_builder_area=&#8220;post_content&#8220; hover_enabled=&#8220;0&#8243; sticky_enabled=&#8220;0&#8243;][\/et_pb_heading][\/et_pb_column][\/et_pb_row][et_pb_row _builder_version=&#8220;4.27.4&#8243; _module_preset=&#8220;default&#8220; column_structure=&#8220;1_2,1_2&#8243; theme_builder_area=&#8220;post_content&#8220;][et_pb_column _builder_version=&#8220;4.27.4&#8243; _module_preset=&#8220;default&#8220; type=&#8220;1_2&#8243; theme_builder_area=&#8220;post_content&#8220;][et_pb_blurb image=&#8220;https:\/\/lost-voices-stiftung.org\/wp-content\/uploads\/2025\/12\/Bildschirmfoto-2025-12-08-um-19.50.05.png&#8220; _builder_version=&#8220;4.27.4&#8243; _module_preset=&#8220;default&#8220; theme_builder_area=&#8220;post_content&#8220; title_text=&#8220;Bildschirmfoto 2025-12-08 um 19.50.05&#8243; hover_enabled=&#8220;0&#8243; sticky_enabled=&#8220;0&#8243;]<\/p>\n<p><span>Bild zeigt von links: Peter Hofrichter (Band Godspell), Landrat Florian T\u00f6pper, Mathias Ilka, Organisator Gerald Effertz, Staatssekret\u00e4r Gerhard Eck, Michael Br\u00fcckner. Foto: Sabine Besler<\/span>.<\/p>\n<p>[\/et_pb_blurb][\/et_pb_column][et_pb_column _builder_version=&#8220;4.27.4&#8243; _module_preset=&#8220;default&#8220; type=&#8220;1_2&#8243; theme_builder_area=&#8220;post_content&#8220;][et_pb_text _builder_version=&#8220;4.27.4&#8243; _module_preset=&#8220;default&#8220; theme_builder_area=&#8220;post_content&#8220; text_text_color=&#8220;#273582&#8243; hover_enabled=&#8220;0&#8243; sticky_enabled=&#8220;0&#8243;]<\/p>\n<p><span face=\"Arial, sans-serif\">Das Benefizkonzert \u201eMusic for ME\u201c in der Pfarrkirche St. Laurentius in Dingolshausen am 15.Januar 2017 mit \u201eGodspell\u201c, einer Schweinfurter Musikformation um Peter Hofrichter, und mit der Organistin Monika R\u00f6\u00dfner, erzielte Spendeneinnahmen f\u00fcr die Lost Voices Stiftung in H\u00f6he von 1800\u20ac.<\/span><\/p>\n<p>&nbsp;<\/p>\n<p><span face=\"Arial, sans-serif\">Dank aller Beteiligten und den pers\u00f6nlichen Eindr\u00fccken der G\u00e4ste konnten an dem Abend sch\u00f6ne, aber auch emotionale Momente erlebt werden, die fr\u00f6hlich, nachdenklich, manchmal traurig, aber auch begeisternd waren. Nach dem letzten Lied bedankte sich das begeisterte Publikum bei den K\u00fcnstlern von \u201eGodspell\u201c mit \u201estanding ovations\u201c. Anschlie\u00dfend dr\u00fcckte auch der Schirmherr der Veranstaltung, Staatssekret\u00e4r Gerhard Eck, seine Freude \u00fcber das Engagement aller Beteiligten aus, die das Konzert \u00fcberhaupt m\u00f6glich gemacht hatten.<\/span><\/p>\n<p>[\/et_pb_text][\/et_pb_column][\/et_pb_row][et_pb_row _builder_version=&#8220;4.27.4&#8243; _module_preset=&#8220;default&#8220; theme_builder_area=&#8220;post_content&#8220; column_structure=&#8220;1_2,1_2&#8243;][et_pb_column _builder_version=&#8220;4.27.4&#8243; _module_preset=&#8220;default&#8220; type=&#8220;1_2&#8243; theme_builder_area=&#8220;post_content&#8220;][et_pb_text _builder_version=&#8220;4.27.4&#8243; _module_preset=&#8220;default&#8220; theme_builder_area=&#8220;post_content&#8220; text_text_color=&#8220;#273582&#8243; hover_enabled=&#8220;0&#8243; sticky_enabled=&#8220;0&#8243;]<\/p>\n<p><span face=\"Arial, sans-serif\">Das Benefizkonzert \u201eMusic for ME\u201c in der Pfarrkirche St. Laurentius in Dingolshausen am 15.Januar 2017 mit \u201eGodspell\u201c, einer Schweinfurter Musikformation um Peter Hofrichter, und mit der Organistin Monika R\u00f6\u00dfner, erzielte Spendeneinnahmen f\u00fcr die Lost Voices Stiftung in H\u00f6he von 1800\u20ac.<\/span><\/p>\n<p><span face=\"Arial, sans-serif\">Dank aller Beteiligten und den pers\u00f6nlichen Eindr\u00fccken der G\u00e4ste konnten an dem Abend sch\u00f6ne, aber auch emotionale Momente erlebt werden, die fr\u00f6hlich, nachdenklich, manchmal traurig, aber auch begeisternd waren. Nach dem letzten Lied bedankte sich das begeisterte Publikum bei den K\u00fcnstlern von \u201eGodspell\u201c mit \u201estanding ovations\u201c. Anschlie\u00dfend dr\u00fcckte auch der Schirmherr der Veranstaltung, Staatssekret\u00e4r Gerhard Eck, seine Freude \u00fcber das Engagement aller Beteiligten aus, die das Konzert \u00fcberhaupt m\u00f6glich gemacht hatten.<\/span><\/p>\n<p>.<\/p>\n<p>[\/et_pb_text][\/et_pb_column][et_pb_column _builder_version=&#8220;4.27.4&#8243; _module_preset=&#8220;default&#8220; type=&#8220;1_2&#8243; theme_builder_area=&#8220;post_content&#8220;][et_pb_image src=&#8220;https:\/\/lost-voices-stiftung.org\/wp-content\/uploads\/2025\/12\/Bildschirmfoto-2025-12-08-um-19.50.12.png&#8220; _builder_version=&#8220;4.27.4&#8243; _module_preset=&#8220;default&#8220; theme_builder_area=&#8220;post_content&#8220; title_text=&#8220;Bildschirmfoto 2025-12-08 um 19.50.12&#8243; hover_enabled=&#8220;0&#8243; sticky_enabled=&#8220;0&#8243;][\/et_pb_image][\/et_pb_column][\/et_pb_row][et_pb_row _builder_version=&#8220;4.27.4&#8243; _module_preset=&#8220;default&#8220; theme_builder_area=&#8220;post_content&#8220;][et_pb_column _builder_version=&#8220;4.27.4&#8243; _module_preset=&#8220;default&#8220; type=&#8220;4_4&#8243; theme_builder_area=&#8220;post_content&#8220;][et_pb_text _builder_version=&#8220;4.27.4&#8243; _module_preset=&#8220;default&#8220; theme_builder_area=&#8220;post_content&#8220; text_text_color=&#8220;#273582&#8243; hover_enabled=&#8220;0&#8243; sticky_enabled=&#8220;0&#8243;]<\/p>\n<p><span face=\"Arial, sans-serif\">Und nat\u00fcrlich sind wir \u00fcberw\u00e4ltigt von der hohen gesammelten Spendensumme und bedanken uns bei allen Spenderinnen\/und Spendern.<\/span><\/p>\n<p><span face=\"Arial, sans-serif\">Der Schirmherr des Konzerts, Staatssekret\u00e4r Gerhard Eck und Landrat Florian T\u00f6pper, auch er spendete, nahmen sich die Zeit einer kleinen Spenden\u00fcbergabe im Landratsamt Schweinfurt beizuwohnen. Organisator Gerald Effertz \u00fcbergab die Spende in H\u00f6he von 1800\u20ac verziert an einem &#8222;Baum der Hoffnung&#8220; direkt an die Lost Voices Stiftung. Dieser Baum soll die Hoffnung unterst\u00fctzen, dass das Geld weiterhelfen kann, die Forschung an der Krankheit voranzutreiben. Die Idee zu dem Baum der Hoffnung stammt von Effertz\u00b4s Lebensgef\u00e4hrtin, Sabine Besler.\u00a0<\/span><\/p>\n<p><span face=\"Arial, sans-serif\"><span>Das Geld flie\u00dft in das Stipendiatenprogramm der Lost Voices Stiftung f\u00fcr die Arztausbildung und Forschung an der neuroimmunologischen Krankheit Myalgische Enzephalomyelitis\/Chronic Fatigue Syndrome.<\/span><\/span><\/p>\n<p>[\/et_pb_text][\/et_pb_column][\/et_pb_row][\/et_pb_section]<\/p>\n","protected":false},"excerpt":{"rendered":"<p>Bild zeigt von links: Peter Hofrichter (Band Godspell), Landrat Florian T\u00f6pper, Mathias Ilka, Organisator Gerald Effertz, Staatssekret\u00e4r Gerhard Eck, Michael Br\u00fcckner. Foto: Sabine Besler.Das Benefizkonzert \u201eMusic for ME\u201c in der Pfarrkirche St. Laurentius in Dingolshausen am 15.Januar 2017 mit \u201eGodspell\u201c, einer Schweinfurter Musikformation um Peter Hofrichter, und mit der Organistin Monika R\u00f6\u00dfner, erzielte Spendeneinnahmen f\u00fcr [&hellip;]<\/p>\n","protected":false},"author":1,"featured_media":0,"parent":0,"menu_order":0,"comment_status":"closed","ping_status":"closed","template":"","meta":{"_et_pb_use_builder":"on","_et_pb_old_content":"","_et_gb_content_width":"","ngg_post_thumbnail":0,"footnotes":""},"class_list":["post-2988","page","type-page","status-publish","hentry"],"_links":{"self":[{"href":"https:\/\/lost-voices-stiftung.org\/en\/wp-json\/wp\/v2\/pages\/2988","targetHints":{"allow":["GET"]}}],"collection":[{"href":"https:\/\/lost-voices-stiftung.org\/en\/wp-json\/wp\/v2\/pages"}],"about":[{"href":"https:\/\/lost-voices-stiftung.org\/en\/wp-json\/wp\/v2\/types\/page"}],"author":[{"embeddable":true,"href":"https:\/\/lost-voices-stiftung.org\/en\/wp-json\/wp\/v2\/users\/1"}],"replies":[{"embeddable":true,"href":"https:\/\/lost-voices-stiftung.org\/en\/wp-json\/wp\/v2\/comments?post=2988"}],"version-history":[{"count":2,"href":"https:\/\/lost-voices-stiftung.org\/en\/wp-json\/wp\/v2\/pages\/2988\/revisions"}],"predecessor-version":[{"id":2993,"href":"https:\/\/lost-voices-stiftung.org\/en\/wp-json\/wp\/v2\/pages\/2988\/revisions\/2993"}],"wp:attachment":[{"href":"https:\/\/lost-voices-stiftung.org\/en\/wp-json\/wp\/v2\/media?parent=2988"}],"curies":[{"name":"wp","href":"https:\/\/api.w.org\/{rel}","templated":true}]}}